{"id":15,"date":"2010-04-01T17:18:26","date_gmt":"2010-04-01T15:18:26","guid":{"rendered":"http:\/\/www.matthiasanton.de\/?page_id=15"},"modified":"2010-04-01T21:00:04","modified_gmt":"2010-04-01T19:00:04","slug":"15","status":"publish","type":"page","link":"https:\/\/www.matthiasanton.de\/?page_id=15","title":{"rendered":"Impressum"},"content":{"rendered":"<p>Matthias Anton<br \/>\nKonradin-Kreutzer-Strasse 11<\/p>\n<p>78647 Trossingen<\/p>\n<p>infos(a t)matthiasanton.de<br \/>\nwww.matthiasanton.de<\/p>\n<p>Inhaltlich Verantwortlicher gem\u00e4\u00df \u00a7 10 Absatz 3 MDStV: Matthias Anton<\/p>\n<p>Haftungshinweis: Trotz sorgf\u00e4ltiger inhaltlicher Kontrolle \u00fcbernehmen wir keine Haftung f\u00fcr die Inhalte externer Links. F\u00fcr den Inhalt der verlinkten Seiten sind ausschlie\u00dflich deren Betreiber verantwortlich.<\/p>\n","protected":false},"excerpt":{"rendered":"<p>Matthias Anton Konradin-Kreutzer-Strasse 11 78647 Trossingen infos(a t)matthiasanton.de www.matthiasanton.de Inhaltlich Verantwortlicher gem\u00e4\u00df \u00a7 10 Absatz 3 MDStV: Matthias Anton Haftungshinweis: Trotz sorgf\u00e4ltiger inhaltlicher Kontrolle \u00fcbernehmen wir keine Haftung f\u00fcr die Inhalte externer Links. F\u00fcr den Inhalt der verlinkten Seiten sind ausschlie\u00dflich deren Betreiber verantwortlich.<\/p>\n","protected":false},"author":1,"featured_media":0,"parent":0,"menu_order":9,"comment_status":"closed","ping_status":"open","template":"","meta":[],"_links":{"self":[{"href":"https:\/\/www.matthiasanton.de\/index.php?rest_route=\/wp\/v2\/pages\/15"}],"collection":[{"href":"https:\/\/www.matthiasanton.de\/index.php?rest_route=\/wp\/v2\/pages"}],"about":[{"href":"https:\/\/www.matthiasanton.de\/index.php?rest_route=\/wp\/v2\/types\/page"}],"author":[{"embeddable":true,"href":"https:\/\/www.matthiasanton.de\/index.php?rest_route=\/wp\/v2\/users\/1"}],"replies":[{"embeddable":true,"href":"https:\/\/www.matthiasanton.de\/index.php?rest_route=%2Fwp%2Fv2%2Fcomments&post=15"}],"version-history":[{"count":4,"href":"https:\/\/www.matthiasanton.de\/index.php?rest_route=\/wp\/v2\/pages\/15\/revisions"}],"predecessor-version":[{"id":125,"href":"https:\/\/www.matthiasanton.de\/index.php?rest_route=\/wp\/v2\/pages\/15\/revisions\/125"}],"wp:attachment":[{"href":"https:\/\/www.matthiasanton.de\/index.php?rest_route=%2Fwp%2Fv2%2Fmedia&parent=15"}],"curies":[{"name":"wp","href":"https:\/\/api.w.org\/{rel}","templated":true}]}}