{"id":165,"date":"2010-04-02T11:06:07","date_gmt":"2010-04-02T09:06:07","guid":{"rendered":"http:\/\/www.matthiasanton.de\/?page_id=165"},"modified":"2012-12-14T18:40:09","modified_gmt":"2012-12-14T16:40:09","slug":"memories","status":"publish","type":"page","link":"https:\/\/www.matthiasanton.de\/?page_id=165","title":{"rendered":"memories"},"content":{"rendered":"<p><a href=\"http:\/\/www.matthiasanton.de\/wp-content\/uploads\/2010\/04\/memories-cover.jpg\" rel=\"lightbox\" > <img decoding=\"async\" loading=\"lazy\" class=\"alignleft size-full wp-image-168\" title=\"memories cover\" alt=\"\" src=\"http:\/\/www.matthiasanton.de\/wp-content\/uploads\/2010\/04\/memories-cover.jpg\" width=\"198\" height=\"179\" \/> <\/a>Matthias Anton &#8211; Saxophone<br \/>\nPhilipp Moehrke &#8211; Klavier<br \/>\nMatthias Anton (Saxophon) und Philipp Moehrke (Piano) pr\u00e4sentieren auf ihrer neuen CD \u201eMemories\u201c in technischer Perfektion ineinanderflie\u00dfende Eigenkompositionen als R\u00fcckblick auf 10 Jahre musikalischer und menschlicher Freundschaft. Sowohl Klassikliebhaber als auch Jazzfreunde kommen hierbei auf ihre Kosten. Die beiden Musiker finden eine Symbiose aus Pop, Klassik und Jazz und bieten in ihren kammermusikalisch hochwertigen Arrangements pr\u00e4gnante, stimmungsvolle Themen, die wie Spielb\u00e4lle im musikalischen Zwiegespr\u00e4ch aufgefangen und weiterentwickelt werden. Die Grundstimmung des Vortrags ist gepr\u00e4gt von einer tr\u00e4umerischen Ruhe, die durch k\u00fcnstlerisch ausdifferenzierte Dynamik und durch energievolle Spannungsb\u00f6gen emotional tief ber\u00fchrt. Auf klassischen Akkordverbindungen jonglieren sie in freier Improvisation die Motive teils quirlig und atemberaubend schnell, setzen aber gleichzeitig in einf\u00fchlsamem, ausgewogenem, akustischem Zusammenspiel ein Zeichen gegen die Hektik der Zeit.<br \/>\n01. passion<br \/>\n02. memories<br \/>\n03. i feel at home<br \/>\n04. green eyes<br \/>\n05. sunrise<br \/>\n06. ocean<br \/>\n07. innocent<br \/>\n08. spring dance<br \/>\n09. from long ago<br \/>\n10. what i feel for you<br \/>\n11. peace in mind<\/p>\n","protected":false},"excerpt":{"rendered":"<p>Matthias Anton &#8211; Saxophone Philipp Moehrke &#8211; Klavier Matthias Anton (Saxophon) und Philipp Moehrke (Piano) pr\u00e4sentieren auf ihrer neuen CD \u201eMemories\u201c in technischer Perfektion ineinanderflie\u00dfende Eigenkompositionen als R\u00fcckblick auf 10 Jahre musikalischer und menschlicher Freundschaft. Sowohl Klassikliebhaber als auch Jazzfreunde kommen hierbei auf ihre Kosten. Die beiden Musiker finden eine Symbiose aus Pop, Klassik und [&hellip;]<\/p>\n","protected":false},"author":1,"featured_media":0,"parent":8,"menu_order":2,"comment_status":"closed","ping_status":"open","template":"","meta":[],"_links":{"self":[{"href":"https:\/\/www.matthiasanton.de\/index.php?rest_route=\/wp\/v2\/pages\/165"}],"collection":[{"href":"https:\/\/www.matthiasanton.de\/index.php?rest_route=\/wp\/v2\/pages"}],"about":[{"href":"https:\/\/www.matthiasanton.de\/index.php?rest_route=\/wp\/v2\/types\/page"}],"author":[{"embeddable":true,"href":"https:\/\/www.matthiasanton.de\/index.php?rest_route=\/wp\/v2\/users\/1"}],"replies":[{"embeddable":true,"href":"https:\/\/www.matthiasanton.de\/index.php?rest_route=%2Fwp%2Fv2%2Fcomments&post=165"}],"version-history":[{"count":7,"href":"https:\/\/www.matthiasanton.de\/index.php?rest_route=\/wp\/v2\/pages\/165\/revisions"}],"predecessor-version":[{"id":519,"href":"https:\/\/www.matthiasanton.de\/index.php?rest_route=\/wp\/v2\/pages\/165\/revisions\/519"}],"up":[{"embeddable":true,"href":"https:\/\/www.matthiasanton.de\/index.php?rest_route=\/wp\/v2\/pages\/8"}],"wp:attachment":[{"href":"https:\/\/www.matthiasanton.de\/index.php?rest_route=%2Fwp%2Fv2%2Fmedia&parent=165"}],"curies":[{"name":"wp","href":"https:\/\/api.w.org\/{rel}","templated":true}]}}