{"id":278,"date":"2010-09-14T11:37:47","date_gmt":"2010-09-14T09:37:47","guid":{"rendered":"http:\/\/www.matthiasanton.de\/?page_id=278"},"modified":"2018-02-10T20:03:21","modified_gmt":"2018-02-10T18:03:21","slug":"matthias-anton-hans-gunther-kolz","status":"publish","type":"page","link":"https:\/\/www.matthiasanton.de\/?page_id=278","title":{"rendered":"Matthias Anton &#038; Hans-G\u00fcnther K\u00f6lz"},"content":{"rendered":"<p><strong>SONGBOOK<\/strong><\/p>\n<p>Auf dem Album <strong>SONGBOOK <\/strong>bewegen sich der Saxofonist<strong> Matthias Anton<\/strong> und der Akkordeonist <strong>Hans-G\u00fcnther K\u00f6lz<\/strong> eindrucksvoll durch verschiedene Stilistiken und Genres, von Klassik bis Jazz.<\/p>\n<p>Zu h\u00f6ren sind haupts\u00e4chlich eigene Werke der beiden Musiker, bis hin zu Kompositionen von <strong>Astor<\/strong> <strong>Piazzolla<\/strong> und <strong>Toots Thielemanns<\/strong>. Die Produktion besticht durch ihr harmonisches Zusammenspiel und ihre grenzenlose Spielfreude. Die ungew\u00f6hnliche Kombination aus Saxophon und Akkordeon und deren Zusammenklang ist gleicherma\u00dfen einzigartig, und wird durch den Einsatzes der Bassklarinette noch verst\u00e4rkt. Der Klang dieser beiden Instrumente hat die beiden Musiker zu den Arrangements von <strong>Erik Satie<\/strong>s \u201eGnossienne Nr.3\u201c und der bekannten <strong>Duke Ellington<\/strong> Komposition \u201eCaravan\u201c inspiriert.Die nun vorliegende Aufnahme, live mitgeschnitten durch den Tontechniker Robin Schmidt gilt interessanterweise als die erste Live-Jazz-Aufnahme, die jemals im Kesselhaus in Trossingen gemacht wurde.<br \/>\n<strong>SONGBOOK<\/strong> ist ein fesselndes Portrait und widerspiegelt auf wunderbare Art und Weise die jahrelange Zusammenarbeit der beiden Musiker und Freunde.<br \/>\n<strong>Matthias Anton<\/strong> und <strong>Hans-G\u00fcnther K\u00f6lz<\/strong> lernten sich mehr oder weniger zuf\u00e4llig durch die Absage eines Projekts w\u00e4hrend dem Festival \u201eAkkordeon Grenzenlos\u201c im Jahr 2009 kennen. Sie wurden spontan durch Anika Neipp zusammengebracht, was schon allein deshalb von Bedeutung ist, da den beiden Musikern w\u00e4hrend des Festivals, 7 Jahre sp\u00e4ter, exakt das Gleiche widerfahren ist. Durch eine krankheitsbedingte Absage wurden sie vom Veranstalter gebeten f\u00fcr den abgesagten Programmpunkt einzuspringen.<\/p>\n<p><strong>LINE-UP<\/strong><br \/>\n<strong>Matthias Anton <\/strong>&#8211; Saxophone, Bass clarinet<br \/>\n<strong>Hans-G\u00fcnther K\u00f6lz <\/strong>&#8211; Accordion<\/p>\n<p><strong><img decoding=\"async\" loading=\"lazy\" class=\"alignleft size-medium wp-image-1069\" src=\"http:\/\/www.matthiasanton.de\/wp-content\/uploads\/2018\/02\/IMG_5001-3-300x200.jpg\" alt=\"\" width=\"300\" height=\"200\" srcset=\"https:\/\/www.matthiasanton.de\/wp-content\/uploads\/2018\/02\/IMG_5001-3-300x200.jpg 300w, https:\/\/www.matthiasanton.de\/wp-content\/uploads\/2018\/02\/IMG_5001-3-768x512.jpg 768w, https:\/\/www.matthiasanton.de\/wp-content\/uploads\/2018\/02\/IMG_5001-3-1024x683.jpg 1024w, https:\/\/www.matthiasanton.de\/wp-content\/uploads\/2018\/02\/IMG_5001-3-450x300.jpg 450w\" sizes=\"(max-width: 300px) 100vw, 300px\" \/><br \/>\n<\/strong><\/p>\n","protected":false},"excerpt":{"rendered":"<p>SONGBOOK Auf dem Album SONGBOOK bewegen sich der Saxofonist Matthias Anton und der Akkordeonist Hans-G\u00fcnther K\u00f6lz eindrucksvoll durch verschiedene Stilistiken und Genres, von Klassik bis Jazz. Zu h\u00f6ren sind haupts\u00e4chlich eigene Werke der beiden Musiker, bis hin zu Kompositionen von Astor Piazzolla und Toots Thielemanns. Die Produktion besticht durch ihr harmonisches Zusammenspiel und ihre grenzenlose [&hellip;]<\/p>\n","protected":false},"author":1,"featured_media":0,"parent":6,"menu_order":2,"comment_status":"closed","ping_status":"open","template":"","meta":[],"_links":{"self":[{"href":"https:\/\/www.matthiasanton.de\/index.php?rest_route=\/wp\/v2\/pages\/278"}],"collection":[{"href":"https:\/\/www.matthiasanton.de\/index.php?rest_route=\/wp\/v2\/pages"}],"about":[{"href":"https:\/\/www.matthiasanton.de\/index.php?rest_route=\/wp\/v2\/types\/page"}],"author":[{"embeddable":true,"href":"https:\/\/www.matthiasanton.de\/index.php?rest_route=\/wp\/v2\/users\/1"}],"replies":[{"embeddable":true,"href":"https:\/\/www.matthiasanton.de\/index.php?rest_route=%2Fwp%2Fv2%2Fcomments&post=278"}],"version-history":[{"count":23,"href":"https:\/\/www.matthiasanton.de\/index.php?rest_route=\/wp\/v2\/pages\/278\/revisions"}],"predecessor-version":[{"id":1074,"href":"https:\/\/www.matthiasanton.de\/index.php?rest_route=\/wp\/v2\/pages\/278\/revisions\/1074"}],"up":[{"embeddable":true,"href":"https:\/\/www.matthiasanton.de\/index.php?rest_route=\/wp\/v2\/pages\/6"}],"wp:attachment":[{"href":"https:\/\/www.matthiasanton.de\/index.php?rest_route=%2Fwp%2Fv2%2Fmedia&parent=278"}],"curies":[{"name":"wp","href":"https:\/\/api.w.org\/{rel}","templated":true}]}}