{"id":4,"date":"2010-04-01T17:14:40","date_gmt":"2010-04-01T15:14:40","guid":{"rendered":"http:\/\/www.matthiasanton.de\/?page_id=4"},"modified":"2025-10-21T11:04:31","modified_gmt":"2025-10-21T09:04:31","slug":"biographie","status":"publish","type":"page","link":"https:\/\/www.matthiasanton.de\/?page_id=4","title":{"rendered":"Biographie"},"content":{"rendered":"<p>Matthias Anton wurde am 27.05.1979 in Filderstadt geboren. 1981 zogen seine Eltern mit ihm nach Trossingen, wo er bis zu seinem 18. Lebensjahr lebte und das Gymnasium Trossingen besuchte (Abitur 1998). Dort begann er bereits im Alter von sieben Jahren Mundharmonika und Klavier zu spielen. Unterrichtet wurde er an der Jugendmusikschule in Trossingen (Uli Sakowski) und von Privatlehrern (Barbara Klobe und Yasuo Watani).<\/p>\n<p>Seine Leidenschaft zum Saxophon entdeckte er bereits im Alter von 12 Jahren durch seinen Vater und Gro\u00dfvater, die beide auch Saxophon spielten. Schnell wurde seine musikalische Begabung erkannt und gef\u00f6rdert. Daraufhin erhielt Matthias Privatunterricht von Elmar Sch\u00e4fer (1991-1996) und von Tom Timmler (1996-1998). Auch Martin Kneer erkannte sein Talent und erm\u00f6glichte ihm sowohl die Mitwirkung in der Bigband und der Combo des Trossinger Gymnasiums als auch ein Vorstudium an der Hochschule Trossingen als Vorstudent im Bereich Jazz und Popularmusik mit Hauptfach Klavier.<br \/>\nMatthias studiert Saxophon an der Musikhochschule in Mannheim bei Prof. J\u00fcrgen Seefelder von 1998-2002 und macht dort sein Diplom. Es folgt ein KA Studium an der Musikhochschule Stuttgart bei Prof. Bernd Konrad von 2002-2005.<\/p>\n<p>Seit 2005 ist er Dozent an der Staatlichen Hochschule f\u00fcr Musik Trossingen.<\/p>\n<p>Seit Juli 2010 ist er Honorarprofessor f\u00fcr Saxophon (Bachelor\/Master klassisches Saxophon, Schulmusik &amp; Verbreiterungsfach Jazz &amp; Popularmusik) an der Staatlichen Hochschule f\u00fcr Musik Trossingen.<\/p>\n<p>Seit 2020 ist er k\u00fcnstlerischer Leiter und Bandleader der Bosch Big Band.<\/p>\n<p>Seit 2021 ist er Professor f\u00fcr Saxofon und Bigband-Leitung an der Staatlichen Hochschule f\u00fcr Musik Trossingen.<\/p>\n<p><strong>Endorsements:<\/strong><\/p>\n<p>\u2022 Endorser f\u00fcr Henri Selmer Paris &#8211; Selmer Reference Altsaxophon und Selmer Serie III Sopransaxophon<br \/>\n\u2022 Endorser f\u00fcr Theo Wanne Classic Mouthpieces &#8211; Altsaxophon GAIA 2 \/ Sopransaxophon GAIA-Custom<br \/>\n\u2022 Endorser f\u00fcr Daddario-Woodwinds &#8211; Royal &amp; Reserve Bl\u00e4tter made by D&#8217;addario<\/p>\n<p><strong>Spielte und arbeitete mit:<\/strong><\/p>\n<p>Peter Herbolzheimer, Jiggs Whigham, Ack van Rooyen, John Ruoco, Andrew Strong, Frank Haunschild, Al Porcino, Judy Niemack, Jose Cortijo, Jeanfrancois Prince, Frank Kuruc, Paul Heller, Michael Wollny, Eva Kruse, Nils Klein, Philipp Gropper, Dennis G\u00e4bel, David Haynes, Frank Wellert, Anika Neipp, Florian Weber, Florian Tr\u00fcbsbach, Frederik K\u00f6ster, Nils Klein, Kristjan Randalu, Bodek Janke, Axel Schlosser, Hanno Busch, Tom G\u00e4bel, Alvin Mills, Lillo Scrimali, Mick Woll, The Weather Girls, Marla Glenn, Robbee Mariano, Ralf Gustke, Mini Schulz, Dirk Erchinger, Obi Jenne, Charles Simmons, Paul H\u00f6chst\u00e4dter, Eva Latitia, Dany Martinez, Jason Wright, Anne Czichowsky, Patrick \u201ePaco\u201c M\u00fcller, Philipp Moehrke, Yumi Ito,etc.<\/p>\n<p><strong>Plattenvertr\u00e4ge:<\/strong><br \/>\nChaos (Bauer Studios), Unitrecords, Foxtones Music<\/p>\n<p><strong>K\u00fcnstlerische Projekte:<\/strong><\/p>\n<p>\u2022 Keechero Reloaded (2025)<br \/>\n\u2022 Steve Cathedral Group (seit 2020)<br \/>\n\u2022 Latin Jazz Sinf\u00f3nica  (seit 2019)<br \/>\n\u2022 Sax Explosion (2014 \u2013 2024)<br \/>\n\u2022 Matthias Anton &amp; Hans\u2010G\u00fcnther K\u00f6lz (seit 2010)<br \/>\n\u2022 K\u00fcnstlerischer Leiter des 4. Jazz-Gipfel der Konstanzer Gymnasien 2009<br \/>\n\u2022 K\u00fcnstlerischer Leiter und Komponist von Agathe\u2019s Diary (Freisch\u00fctz meets Black Raider \u2013 ein Projekt der Musikhochschule Trossingen) (2008)<br \/>\n\u2022 Initiator der Begegnung BundesJazzorchester meets Musikhochschule Trossingen (seit 2007)<br \/>\n\u2022 K\u00fcnstlerische Leitung der Reihe K3 (2006-2011)<br \/>\n\u2022 Matthias Anton Group (seit 2007)<br \/>\n\u2022 Matthias Anton &amp; Philipp Moehrke (seit 2006)<br \/>\n\u2022 Saxophonist bei \u201eThe Wright Thing\u201c (1999-2006)<br \/>\n\u2022 Playstation<br \/>\n\u2022 Zabblphilipp<br \/>\n\u2022 Keechero (1998-2001)<br \/>\n\u2022 Matthias Anton Quartett (2002-2005)<\/p>\n<p><strong>Big Bands:<\/strong><br \/>\n\u2022 Glenn Miller Big Band<br \/>\n\u2022 Swing Time Big Band<br \/>\n\u2022 Big Band Convention<br \/>\n\u2022 Summit Orchestra<br \/>\n\u2022 Sunday Night Orchestra<br \/>\n\u2022 HP Ockert Big Band<br \/>\n\u2022 Stuttgart Jazz Orchestra<br \/>\n\u2022 Contemporary Big Band Project<br \/>\n\u2022 BundesJazzOrchester (BuJazzo) als Lead Altist (1999-2003)<br \/>\n\u2022 LandesjugendJazz Orchester BW als Lead Altist (1997-1999), etc.<\/p>\n<p><strong>Big Band Leitung:<\/strong><br \/>\n\u2022 Bosch Big Band<br \/>\n\u2022 BundesJazzOrchester (BuJazzo) in Vertretung f\u00fcr Peter Herbolzheimer<br \/>\n\u2022 Frank Wellert Big Band feat. Paul Heller<br \/>\n\u2022 zahlreiche Schulbigbands im Rahmen von Jazzworkshops und Kooperationen<\/p>\n<p><strong>Klassik\/Crossover:<\/strong><br \/>\n\u2022 Carmina Burana \u2013 ein Crossover Projekt mit der Evangelischen Stadtkirche Pforzheim als Solist (2019)<br \/>\n\u2022 Landesblasorchester NRW Als Solist (2018)<br \/>\n\u2022 Am Rand \u2013 Komposition und musikalische Leitung am Theater in Aalen (2014-2015)<br \/>\n\u2022 Dantons Tod \u2013 Eine Kooperation der Staatlichen Hochschule f\u00fcr Musik Trossingen, dem Zimmertheater Rottweil und dem Jazzfest Rottweil (2013-2016)<br \/>\n\u2022 Solist beim Musikfest Stuttgart 2011, \u201cRauschen und Wogen\u201d von Salvatore Sciarrino, veranstaltet von der Internationalen Bachakademie Stuttgart<br \/>\n\u2022 Aushilfe bei der Staatsphilharmonie Rheinland-Pfalz<br \/>\n\u2022 Er\u00f6ffnung der Landestheatertage in Konstanz mit Improvisationen \u00fcber Schuberts \u201cWinterreise-Fremd bin ich eingezogen,\u2026\u201d<br \/>\n\u2022 Improvisationen \u00fcber John Rutters \u201cRequiem\u201d<\/p>\n<p><strong>Festivals:<\/strong><\/p>\n<p>Internationale Jazzwoche Burghausen, Jazzopen Stuttgart, Jazzfestival Idstein, Jazzfestival Herrenberg, Jazzfestival Hausach, Jazzfestival Straubing, Aalener Jazzfest, Mannheimer Stadt-fest, Rottweil Jazzfestival, ZMF Freiburg, Jazzfestival Sibiu, Festival Novam, Jazzfest Bonn, Jazzfestival Viersen, Jazzfestival Karlsruhe, VS-Swingt, Honberg Sommer, Musikfest Stuttgart, Jazzmeile Kreuzlingen, Jazz Rally D\u00fcsseldorf, Jazzfestival Meersburg, Theaterfestival Heidelberg, etc.<\/p>\n<p><strong>Radio- und CD-Produktionen:<\/strong><\/p>\n<p>HR, SWR, WDR, BR, Deutschlandfunk<\/p>\n<p><strong>weitere Unterrichtserfahrungen:<\/strong><br \/>\n\u2022 Saxophonlehrer an der Jugendmusikschule Villingen-Schwenningen (2002-2005)<br \/>\n\u2022 Saxophon- und Combodozent bei dem Workshop der Gewinner des Bundeswettbewerbs Jugend Jazzt (2005,2007,2012)<br \/>\n\u2022 Saxophonlehrer an der Musikakademie Villingen Schwenningen (2005-2013)<br \/>\n\u2022 Saxophonlehrer an der Musikschule Trossingen (2006-2019)<br \/>\n\u2022 Dozent beim European Masterclass Workshop der European Yamaha<br \/>\n\u2022 Gastdozent an der Fachhochschule Salzburg (2010)<br \/>\n\u2022 Saxophondozent bei der Europ\u00e4ischen Jazzakademie in Heek (Mai 2012) Leitung: Jiggs Whigham<br \/>\n\u2022 Dozent f\u00fcr Lab an der Hochschule Osnabr\u00fcck (2013-2017)<br \/>\n\u2022 Dozent f\u00fcr Geh\u00f6rbildung, Tonsatz und Tutorate (Musiktheorie, Musikbearbeitung &amp; Musikbetrachtung) am Hohner Konservatorium Trossingen (2014-2020)<br \/>\n\u2022 Erasmus Dozentur und dadurch Masterclasses f\u00fcr klassisches Saxophon, Jazzsaxophon, Improvisation und Ensemble-Leitung in ganz Europa (seit 2016)<br \/>\n\u2022 Dozent an der Bundesakademie Trossingen mit eigener Tutorial Reihe f\u00fcr den Online-Bereich (seit 2020)<\/p>\n","protected":false},"excerpt":{"rendered":"<p>Matthias Anton wurde am 27.05.1979 in Filderstadt geboren. 1981 zogen seine Eltern mit ihm nach Trossingen, wo er bis zu seinem 18. Lebensjahr lebte und das Gymnasium Trossingen besuchte (Abitur 1998). Dort begann er bereits im Alter von sieben Jahren Mundharmonika und Klavier zu spielen. Unterrichtet wurde er an der Jugendmusikschule in Trossingen (Uli Sakowski) [&hellip;]<\/p>\n","protected":false},"author":1,"featured_media":0,"parent":0,"menu_order":1,"comment_status":"closed","ping_status":"closed","template":"","meta":[],"_links":{"self":[{"href":"https:\/\/www.matthiasanton.de\/index.php?rest_route=\/wp\/v2\/pages\/4"}],"collection":[{"href":"https:\/\/www.matthiasanton.de\/index.php?rest_route=\/wp\/v2\/pages"}],"about":[{"href":"https:\/\/www.matthiasanton.de\/index.php?rest_route=\/wp\/v2\/types\/page"}],"author":[{"embeddable":true,"href":"https:\/\/www.matthiasanton.de\/index.php?rest_route=\/wp\/v2\/users\/1"}],"replies":[{"embeddable":true,"href":"https:\/\/www.matthiasanton.de\/index.php?rest_route=%2Fwp%2Fv2%2Fcomments&post=4"}],"version-history":[{"count":96,"href":"https:\/\/www.matthiasanton.de\/index.php?rest_route=\/wp\/v2\/pages\/4\/revisions"}],"predecessor-version":[{"id":1485,"href":"https:\/\/www.matthiasanton.de\/index.php?rest_route=\/wp\/v2\/pages\/4\/revisions\/1485"}],"wp:attachment":[{"href":"https:\/\/www.matthiasanton.de\/index.php?rest_route=%2Fwp%2Fv2%2Fmedia&parent=4"}],"curies":[{"name":"wp","href":"https:\/\/api.w.org\/{rel}","templated":true}]}}