{"id":8,"date":"2010-04-01T17:16:13","date_gmt":"2010-04-01T15:16:13","guid":{"rendered":"http:\/\/www.matthiasanton.de\/?page_id=8"},"modified":"2025-10-21T11:05:35","modified_gmt":"2025-10-21T09:05:35","slug":"discographie","status":"publish","type":"page","link":"https:\/\/www.matthiasanton.de\/?page_id=8","title":{"rendered":"Diskographie"},"content":{"rendered":"<p>(Auswahl)<\/p>\n<p>Latin Jazz Sinf\u00f3nica \u2013 &#8222;movie sinf\u00f3nica&#8220; (NeuKlang 2025)<br \/>\nBosch Big Band &#8211; &#8222;Different Voices &#8211; made in Germany&#8220; (Chaos\/Bauer Studios 2023)<br \/>\nLatin Jazz Sinf\u00f3nica \u2013 &#8222;the secret story&#8220; (NeuKlang 2023)<br \/>\nSteve Cathedral Group &#8211; &#8222;Rush Hour&#8220; (unitrecords 2020)<br \/>\nThe Contemporary Big Band Project &#8211; &#8222;Nine Yards&#8220; (hub records 2019)<br \/>\nSax Explosion &#8211; &#8222;My favourite songs&#8220; (unit records 2017)<br \/>\nSlavko Beni\u0107 Orkestr &#8211; \u201cManchmal Immer Doch Nicht\u201d (2017)<br \/>\n<a href=\"http:\/\/www.matthiasanton.de\/?page_id=978\">Matthias Anton &amp; Hans-G\u00fcnther K\u00f6lz &#8211; &#8222;Songbook&#8220; (Chaos\/Bauer Studios 2016)<\/a><br \/>\n<a href=\"http:\/\/www.matthiasanton.de\/?page_id=972\">Playground&#8220; (Chaos\/Bauer Studios 2016)<\/a><br \/>\n<a href=\"http:\/\/www.matthiasanton.de\/?page_id=149\">Matthias Anton Group &#8211; &#8222;Suite No.1&#8220; (foxtones music 2012)<\/a><br \/>\nHP \/ OCKERT \/ BIGBAND &#8211; &#8222;HP\/ONE&#8220; (HGBS 2012)<br \/>\nSlavko Beni\u0107 Orkestr &#8211; \u201cWeniger ist nicht immer mehr\u201d (2012)<br \/>\nThe Alvin Mills Project &#8211; &#8222;keep your head to the sky&#8220; (2009)<br \/>\n<a href=\"http:\/\/www.matthiasanton.de\/?page_id=165\">Matthias Anton &amp; Philipp Moehrke &#8211; &#8222;memories&#8220; (foxtones music 2008)<\/a><br \/>\n<a href=\"http:\/\/www.matthiasanton.de\/?page_id=41\">Matthias Anton &amp; Patrick &#8220; Paco&#8220; M\u00fcller &#8211; &#8222;Elemente&#8220; (foxtones music 2007)<\/a><br \/>\n<a href=\"http:\/\/www.matthiasanton.de\/?page_id=184\">Playstation (2006)<\/a><br \/>\nMatt Smith &#8211; &#8222;What I feel for you&#8220; (2005)<br \/>\n<a href=\"http:\/\/www.matthiasanton.de\/?page_id=34\">Matthias Anton Quartett &#8211; &#8222;Calling A Friend&#8220; (2004)<\/a><br \/>\nZabblphilipp &#8211; &#8222;Bum B\u00e4ng D\u00e4ngel\u00e4ng&#8220; (2004)<br \/>\nFrank Meyer Music Ensemble &#8211; &#8222;Public Keys&#8220; (2004)<br \/>\nChanges 2002 &#8211; &#8222;Time Remembered&#8220; (2003)<br \/>\nClaudia &amp; Philipp Moehrke &#8211; &#8222;Family Affairs&#8220; (2002)<br \/>\nKeechero &#8211; &#8222;The K\u00f6ln Session&#8220; (1999)<br \/>\nFour Faces (1998)<\/p>\n<p>cds(a t)matthiasanton.de<\/p>\n","protected":false},"excerpt":{"rendered":"<p>(Auswahl) Latin Jazz Sinf\u00f3nica \u2013 &#8222;movie sinf\u00f3nica&#8220; (NeuKlang 2025) Bosch Big Band &#8211; &#8222;Different Voices &#8211; made in Germany&#8220; (Chaos\/Bauer Studios 2023) Latin Jazz Sinf\u00f3nica \u2013 &#8222;the secret story&#8220; (NeuKlang 2023) Steve Cathedral Group &#8211; &#8222;Rush Hour&#8220; (unitrecords 2020) The Contemporary Big Band Project &#8211; &#8222;Nine Yards&#8220; (hub records 2019) Sax Explosion &#8211; &#8222;My favourite [&hellip;]<\/p>\n","protected":false},"author":1,"featured_media":0,"parent":0,"menu_order":3,"comment_status":"closed","ping_status":"open","template":"","meta":[],"_links":{"self":[{"href":"https:\/\/www.matthiasanton.de\/index.php?rest_route=\/wp\/v2\/pages\/8"}],"collection":[{"href":"https:\/\/www.matthiasanton.de\/index.php?rest_route=\/wp\/v2\/pages"}],"about":[{"href":"https:\/\/www.matthiasanton.de\/index.php?rest_route=\/wp\/v2\/types\/page"}],"author":[{"embeddable":true,"href":"https:\/\/www.matthiasanton.de\/index.php?rest_route=\/wp\/v2\/users\/1"}],"replies":[{"embeddable":true,"href":"https:\/\/www.matthiasanton.de\/index.php?rest_route=%2Fwp%2Fv2%2Fcomments&post=8"}],"version-history":[{"count":55,"href":"https:\/\/www.matthiasanton.de\/index.php?rest_route=\/wp\/v2\/pages\/8\/revisions"}],"predecessor-version":[{"id":1486,"href":"https:\/\/www.matthiasanton.de\/index.php?rest_route=\/wp\/v2\/pages\/8\/revisions\/1486"}],"wp:attachment":[{"href":"https:\/\/www.matthiasanton.de\/index.php?rest_route=%2Fwp%2Fv2%2Fmedia&parent=8"}],"curies":[{"name":"wp","href":"https:\/\/api.w.org\/{rel}","templated":true}]}}